{"id":685,"date":"2018-11-15T20:17:02","date_gmt":"2018-11-15T19:17:02","guid":{"rendered":"http:\/\/nunchaku-toulouse.com\/?page_id=685"},"modified":"2026-05-06T09:04:43","modified_gmt":"2026-05-06T07:04:43","slug":"mot-du-prof","status":"publish","type":"page","link":"https:\/\/nunchaku-toulouse.com\/index.php\/accueil\/mot-du-prof\/","title":{"rendered":"Mot du prof"},"content":{"rendered":"<div class=\"brz-root__container brz-reset-all brz brz-root__container-page\">\n<section id=\"_swygbpqlnb\" class=\"brz-section brz-css-utn5so\">\n<div class=\"brz-section__content brz-section--boxed brz-css-bba0bu brz-css-10vf1ky\" data-brz-custom-id=\"bpdbcowrlz\">\n<div class=\"brz-bg\">\n<div class=\"brz-bg-color\"><\/div>\n<\/div>\n<div class=\"brz-container brz-css-14jsirh\">\n<div class=\"brz-row__container brz-css-1ofxnkc\" data-brz-custom-id=\"dmwzzuvwzn\">\n<div class=\"brz-bg\"><\/div>\n<div class=\"brz-row brz-css-25zhh7 brz-css-1q5t4cl\">\n<div class=\"brz-columns brz-css-1j3wsvs brz-css-14hlfsx\" data-brz-custom-id=\"bpbcjcitvx\">\n<div class=\"brz-bg\"><\/div>\n<div class=\"brz-column__items brz-css-9lob5h\">\n<div id=\"\" class=\"brz-css-12f61rp brz-css-vqcfmt brz-wrapper\">\n<div class=\"brz-image brz-css-a7d8xf\" data-brz-custom-id=\"bnhewwmmet\"><img data-recalc-dims=\"1\" decoding=\"async\" class=\"brz-img\" src=\"https:\/\/i0.wp.com\/nunchaku-toulouse.com\/wp-content\/uploads\/brizy\/imgs\/photo_prof-267x460x20x0x226x460x1542307142.jpg?w=843\" alt=\"\" loading=\"lazy\"><\/div>\n<\/div>\n<\/div>\n<\/div>\n<div class=\"brz-columns brz-css-1j3wsvs brz-css-zscv1w\" data-brz-custom-id=\"itkiyhwuej\">\n<div class=\"brz-bg\"><\/div>\n<div class=\"brz-column__items brz-css-9lob5h brz-css-1rxxihg\">\n<div id=\"\" class=\"brz-css-12f61rp brz-css-12zjdqz brz-wrapper\">\n<div class=\"brz-rich-text brz-rich-text__custom brz-css-pu9iqj\" data-brz-custom-id=\"nuvabtaukm\">\n<div data-brz-translate-text=\"1\">\n<h2 class=\"brz-text-xs-center brz-tp-heading2 brz-text-lg-left brz-css-vvrwT\"><span class=\"brz-cp-color8\">Mot du prof&nbsp;<\/span><\/h2>\n<\/div>\n<\/div>\n<\/div>\n<div id=\"\" class=\"brz-css-12f61rp brz-wrapper\">\n<div class=\"brz-rich-text brz-rich-text__custom brz-css-pu9iqj\" data-brz-custom-id=\"cscejestpz\">\n<div data-brz-translate-text=\"1\">\n<p class=\"brz-text-lg-justify brz-ff-montserrat brz-fw-lg-400 brz-fw-sm-im-400 brz-fw-xs-im-400 brz-fs-lg-12 brz-css-dh_rD\"><span class=\"brz-cp-color8\">Le Nunchaku de combat est une m\u00e9thode fond\u00e9e sur la coordination rationnelle des d\u00e9placements du corps et du Nunchaku. Efficacit\u00e9 et dynamisme mais aussi ma\u00eetrise de soi et ma\u00eetrise de l&rsquo;espace constituent les aspects de cette nouvelle pratique.<\/span><\/p>\n<p class=\"brz-text-lg-justify brz-ff-montserrat brz-fw-lg-400 brz-fw-sm-im-400 brz-fw-xs-im-400 brz-fs-lg-12 brz-css-pUIeN\"><span class=\"brz-cp-color8\">&nbsp;<\/span><\/p>\n<p class=\"brz-text-lg-justify brz-ff-montserrat brz-fw-lg-400 brz-fw-sm-im-400 brz-fw-xs-im-400 brz-fs-lg-12 brz-css-sKyx1\"><span class=\"brz-cp-color8\">Le Nunchaku de combat : Nunchaku Contact, Semi-contact, Full Nunch, constitue un art martial \u00e0 part enti\u00e8re, et un compl\u00e9ment id\u00e9al de tous les autres arts martiaux (Taekwondo, Karat\u00e9, Vovinam Viet V\u00f4 Dao, Judo, etc..), o\u00f9 r\u00e8gne un esprit d&rsquo;ouverture et une richesse de style personnel propre encore au Nunchaku de combat.<\/span><\/p>\n<p class=\"brz-text-lg-justify brz-ff-montserrat brz-fw-lg-400 brz-fw-sm-im-400 brz-fw-xs-im-400 brz-fs-lg-12 brz-css-w9DeE\"><span class=\"brz-cp-color8\">&nbsp;<\/span><\/p>\n<p class=\"brz-text-lg-justify brz-ff-montserrat brz-fw-lg-400 brz-fw-sm-im-400 brz-fw-xs-im-400 brz-fs-lg-12 brz-css-u461O\"><span class=\"brz-cp-color8\">Le Nunchaku de combat est une m\u00e9thode d&rsquo;enseignement r\u00e9cente qui se reconnait volontiers de souche fran\u00e7aise. C&rsquo;est aussi une discipline de contact en comp\u00e9tition. D\u00e9j\u00e0 excellent compl\u00e9ment de base des autres arts martiaux, c&rsquo;est \u00e9galement une forme id\u00e9ale de pr\u00e9paration \u00e0 toutes les formules de la comp\u00e9tition.<\/span><\/p>\n<p class=\"brz-text-lg-justify brz-ff-montserrat brz-fw-lg-400 brz-fw-sm-im-400 brz-fw-xs-im-400 brz-fs-lg-12 brz-css-d7SlY\"><span class=\"brz-cp-color8\">&nbsp;<\/span><\/p>\n<p class=\"brz-text-lg-justify brz-ff-montserrat brz-fw-lg-400 brz-fw-sm-im-400 brz-fw-xs-im-400 brz-fs-lg-12 brz-css-hU2Cd\"><span class=\"brz-cp-color8\">Le Nunchaku de combat pr\u00e9sente des aspects \u00e9ducatifs qui lui sont propres.&nbsp;<\/span><\/p>\n<p class=\"brz-text-lg-justify brz-ff-montserrat brz-fw-lg-400 brz-fw-sm-im-400 brz-fw-xs-im-400 brz-fs-lg-12 brz-css-tDJnA\"><span class=\"brz-cp-color8\">Tels que :<\/span><\/p>\n<ul>\n<li class=\"brz-text-lg-justify brz-ff-montserrat brz-fw-lg-400 brz-fw-sm-im-400 brz-fw-xs-im-400 brz-fs-lg-12 brz-css-uVNJx\"><span class=\"brz-cp-color8\">L&rsquo;am\u00e9lioration de la coordination gestuelle avec d\u00e9blocage des hanches, d\u00e9liage des \u00e9paules, stabilit\u00e9 et perception de l&rsquo;espace accrues avec le travail de d\u00e9placement.<\/span><\/li>\n<li class=\"brz-text-lg-justify brz-ff-montserrat brz-fw-lg-400 brz-fw-sm-im-400 brz-fw-xs-im-400 brz-fs-lg-12 brz-css-uE2GE\"><span class=\"brz-cp-color8\">Concentration et ma\u00eetrise de soi.&nbsp;<\/span><\/li>\n<li class=\"brz-text-lg-justify brz-ff-montserrat brz-fw-lg-400 brz-fw-sm-im-400 brz-fw-xs-im-400 brz-fs-lg-12 brz-css-pUwgr\"><span class=\"brz-cp-color8\">Facult\u00e9 d&rsquo;analyse : double concentration permanente sur le nunchaku en mouvement pendant le d\u00e9placement et l&rsquo;adversaire.<\/span><\/li>\n<\/ul>\n<p class=\"brz-text-lg-justify brz-ls-lg-0 brz-ls-sm-im-0 brz-ls-xs-im-0 brz-ff-montserrat brz-fw-lg-400 brz-fw-sm-im-400 brz-fw-xs-im-400 brz-fs-lg-12 brz-lh-lg-1_3 brz-lh-sm-im-1_3 brz-lh-xs-im-1_3 brz-css-qIOzP\"><span class=\"brz-cp-color8\">&nbsp;<\/span><\/p>\n<p class=\"brz-text-lg-justify brz-ls-lg-0 brz-ls-sm-im-0 brz-ls-xs-im-0 brz-ff-montserrat brz-fw-lg-400 brz-fw-sm-im-400 brz-fw-xs-im-400 brz-fs-lg-12 brz-lh-lg-1_3 brz-lh-sm-im-1_3 brz-lh-xs-im-1_3 brz-css-q9y8Q\"><span class=\"brz-cp-color8\">Et enfin, c&rsquo;est une discipline particuli\u00e8rement adapt\u00e9e aux femmes et aux enfants, par l&rsquo;importance secondaire de la force physique et la pr\u00e9dominance du travail en souplesse.<\/span><\/p>\n<\/div>\n<\/div>\n<\/div>\n<\/div>\n<\/div>\n<\/div>\n<\/div>\n<\/div>\n<\/div>\n<\/section>\n<section id=\"_jhmgfhuhmv\" class=\"brz-section brz-css-utn5so\">\n<div class=\"brz-section__content brz-section--boxed brz-css-bba0bu brz-css-17cz4yk\" data-brz-custom-id=\"jydpipcjyc\">\n<div class=\"brz-bg\">\n<div class=\"brz-bg-color\"><\/div>\n<\/div>\n<div class=\"brz-container brz-css-14jsirh\">\n<div class=\"brz-row__container brz-css-1ofxnkc\" data-brz-custom-id=\"tmbwougcmh\">\n<div class=\"brz-bg\"><\/div>\n<div class=\"brz-row brz-css-25zhh7 brz-css-1q5t4cl\">\n<div class=\"brz-columns brz-css-1j3wsvs brz-css-w7046n\" data-brz-custom-id=\"iachmhnzfg\">\n<div class=\"brz-bg\"><\/div>\n<div class=\"brz-column__items brz-css-9lob5h\">\n<div class=\"brz-wrapper-clone brz-css-tbzgzf\">\n<div class=\"brz-d-xs-flex brz-flex-xs-wrap brz-css-5aw1hh\" data-brz-custom-id=\"\">\n<div class=\"brz-wrapper-clone__item\" id=\"prqzechkkx\"><a class=\"brz-a brz-btn brz-css-aslcbl brz-css-1m0yz66 brz-css-1jox5zu brz-css-1biyk72\" href=\"http:\/\/nunchaku-toulouse.com\/\" target=\"_self\" rel=\"noopener\" data-brz-link-type=\"external\" data-brz-custom-id=\"prqzechkkx\"><span data-brz-translate-text=\"1\" class=\"brz-span brz-text__editor\">Accueil<\/span><\/a><\/div>\n<\/div>\n<\/div>\n<\/div>\n<\/div>\n<\/div>\n<\/div>\n<\/div>\n<\/div>\n<\/section>\n<\/div>\n<p>    <!-- version:1736956362 --><\/p>\n","protected":false},"excerpt":{"rendered":"<p>Mot du prof&nbsp; Le Nunchaku de combat est une m\u00e9thode fond\u00e9e sur la coordination rationnelle des d\u00e9placements du corps et du Nunchaku. Efficacit\u00e9 et dynamisme&hellip;<\/p>\n","protected":false},"author":1,"featured_media":0,"parent":641,"menu_order":0,"comment_status":"closed","ping_status":"closed","template":"brizy-blank-template.php","meta":{"jetpack_post_was_ever_published":false,"footnotes":""},"class_list":["post-685","page","type-page","status-publish","hentry"],"jetpack_sharing_enabled":true,"jetpack_shortlink":"https:\/\/wp.me\/Pam7Fn-b3","brizy_media":[{"id":688,"url":"https:\/\/nunchaku-toulouse.com\/wp-content\/uploads\/2018\/11\/photo_prof.jpg","name":"photo_prof.jpg","meta":{"brizy_attachment_uid":"wp-456ac2c5f000599b11583707eeec6cda","brizy_post_uid":["89e5940d97ce9aa22fee8a62614d603e"]}}],"_links":{"self":[{"href":"https:\/\/nunchaku-toulouse.com\/index.php\/wp-json\/wp\/v2\/pages\/685","targetHints":{"allow":["GET"]}}],"collection":[{"href":"https:\/\/nunchaku-toulouse.com\/index.php\/wp-json\/wp\/v2\/pages"}],"about":[{"href":"https:\/\/nunchaku-toulouse.com\/index.php\/wp-json\/wp\/v2\/types\/page"}],"author":[{"embeddable":true,"href":"https:\/\/nunchaku-toulouse.com\/index.php\/wp-json\/wp\/v2\/users\/1"}],"replies":[{"embeddable":true,"href":"https:\/\/nunchaku-toulouse.com\/index.php\/wp-json\/wp\/v2\/comments?post=685"}],"version-history":[{"count":6,"href":"https:\/\/nunchaku-toulouse.com\/index.php\/wp-json\/wp\/v2\/pages\/685\/revisions"}],"predecessor-version":[{"id":900,"href":"https:\/\/nunchaku-toulouse.com\/index.php\/wp-json\/wp\/v2\/pages\/685\/revisions\/900"}],"up":[{"embeddable":true,"href":"https:\/\/nunchaku-toulouse.com\/index.php\/wp-json\/wp\/v2\/pages\/641"}],"wp:attachment":[{"href":"https:\/\/nunchaku-toulouse.com\/index.php\/wp-json\/wp\/v2\/media?parent=685"}],"curies":[{"name":"wp","href":"https:\/\/api.w.org\/{rel}","templated":true}]}}